{"id":5368,"date":"2024-09-10T11:04:48","date_gmt":"2024-09-10T11:04:48","guid":{"rendered":"https:\/\/chic-sharm.ch\/?page_id=5368"},"modified":"2024-09-10T12:45:38","modified_gmt":"2024-09-10T12:45:38","slug":"datenschutz","status":"publish","type":"page","link":"https:\/\/chic-sharm.ch\/en\/datenschutz\/","title":{"rendered":"Data protection"},"content":{"rendered":"<div data-elementor-type=\"wp-page\" data-elementor-id=\"5368\" class=\"elementor elementor-5368\">\n\t\t\t\t<div class=\"elementor-element elementor-element-338c64c e-flex e-con-boxed e-con e-parent\" data-id=\"338c64c\" data-element_type=\"container\" data-e-type=\"container\">\n\t\t\t\t\t<div class=\"e-con-inner\">\n\t\t<div class=\"elementor-element elementor-element-eb474bd e-con-full e-flex e-con e-child\" data-id=\"eb474bd\" data-element_type=\"container\" data-e-type=\"container\" data-settings=\"{&quot;background_background&quot;:&quot;classic&quot;}\">\n\t\t\t\t<div class=\"elementor-element elementor-element-b0757cd elementor-widget elementor-widget-text-editor\" data-id=\"b0757cd\" data-element_type=\"widget\" data-e-type=\"widget\" data-widget_type=\"text-editor.default\">\n\t\t\t\t<div class=\"elementor-widget-container\">\n\t\t\t\t\t\t\t\t\t<p><strong>Data protection<\/strong><\/p><p>We are very pleased that you are interested in Chic Sharm Beauty Care. The protection of your personal data is important to us. In this privacy policy we inform you about the collection, use and storage of your data in accordance with the applicable data protection regulations.<\/p><h3>1. Responsible body<\/h3><p><strong>Chic Sharm Beauty Care<\/strong><br \/><a href=\"https:\/\/maps.app.goo.gl\/YyPmPmYLzBFNzpk46\">Feldbach Bahnhofstrasse 3<br \/>8714 Hombrechtikon, Switzerland<\/a><br \/>Phone: <a href=\"tel:+41764713327\">+41 76 471 33 27<\/a><br \/>E-mail: <a href=\"mailto:info@chic-sharm.ch\">info@chic-sharm.ch<\/a><\/p><h3>2. Collection and storage of personal data<\/h3><p>We only collect, process and store personal data within the framework of the legal regulations. This data is collected when you use our website, register or contact us.<\/p><ul><li><strong>Contact details:<\/strong> Name, email address, telephone number, postal address<\/li><li><strong>Usage data:<\/strong> Information about your use of our website (e.g. IP address, browser type)<\/li><\/ul><h3>3. Use and sharing of data<\/h3><p>Your personal data will only be used to process your requests and to provide the services you request. Your data will only be passed on to third parties if this is necessary to fulfill the contract or due to legal obligations.<\/p><h3>4. Cookies<\/h3><p>Our website uses cookies to improve the user experience and enable certain functions. Cookies are small text files that are stored on your computer. You can disable the use of cookies in your browser, but this may limit some functions of the website.<\/p><h3>5. Data security<\/h3><p>We use technical and organizational security measures to protect your data from unauthorized access, loss or destruction. Our security measures are regularly reviewed and improved in line with technological developments.<\/p><h3>6. Your rights<\/h3><p>You have the right to:<\/p><ul><li><strong>Information:<\/strong> Information about what data we have stored about you<\/li><li><strong>Correction:<\/strong> Correction of inaccurate personal data<\/li><li><strong>Deletion:<\/strong> Deletion of your data, unless there are legal retention obligations<\/li><li><strong>Revocation of consent:<\/strong> You can revoke your consent to data processing at any time<\/li><\/ul><p>To exercise your rights, please contact the contact address above.<\/p><h3>7. Changes to this privacy policy<\/h3><p>We reserve the right to amend this privacy policy if necessary to adapt it to changed legal or technical conditions.<\/p>\t\t\t\t\t\t\t\t<\/div>\n\t\t\t\t<\/div>\n\t\t\t\t<\/div>\n\t\t\t\t\t<\/div>\n\t\t\t\t<\/div>\n\t\t\t\t<\/div>","protected":false},"excerpt":{"rendered":"<p>Data protection We are very pleased that you are interested in Chic Sharm Beauty Care. The protection of your personal data is important to us. In this privacy statement we inform you about the collection, use and storage of your data in accordance with the applicable data protection regulations. 1. Responsible body Chic Sharm Beauty CareFeldbach Bahnhofstrasse 38714 Hombrechtikon, SwitzerlandTelephone: +41 76 471\u2026<\/p>","protected":false},"author":1,"featured_media":0,"parent":0,"menu_order":0,"comment_status":"closed","ping_status":"closed","template":"elementor_header_footer","meta":{"footnotes":""},"class_list":["post-5368","page","type-page","status-publish","hentry"],"yoast_head":"<!-- This site is optimized with the Yoast SEO plugin v25.1 - https:\/\/yoast.com\/wordpress\/plugins\/seo\/ -->\n<title>Datenschutz - Chic Sharm Beauty Care<\/title>\n<meta name=\"robots\" content=\"noindex, nofollow\" \/>\n<meta property=\"og:locale\" content=\"en_GB\" \/>\n<meta property=\"og:type\" content=\"article\" \/>\n<meta property=\"og:title\" content=\"Datenschutz - Chic Sharm Beauty Care\" \/>\n<meta property=\"og:description\" content=\"Datenschutz Wir freuen uns sehr \u00fcber Ihr Interesse an Chic Sharm Beauty Care. Der Schutz Ihrer pers\u00f6nlichen Daten ist uns ein wichtiges Anliegen. In dieser Datenschutzerkl\u00e4rung informieren wir Sie \u00fcber die Erhebung, Nutzung und Speicherung Ihrer Daten gem\u00e4\u00df den geltenden Datenschutzbestimmungen. 1. Verantwortliche Stelle Chic Sharm Beauty CareFeldbach Bahnhofstrasse 38714 Hombrechtikon, SchweizTelefon: +41 76 471...\" \/>\n<meta property=\"og:url\" content=\"https:\/\/chic-sharm.ch\/en\/datenschutz\/\" \/>\n<meta property=\"og:site_name\" content=\"Chic Sharm Beauty Care\" \/>\n<meta property=\"article:modified_time\" content=\"2024-09-10T12:45:38+00:00\" \/>\n<meta name=\"twitter:card\" content=\"summary_large_image\" \/>\n<meta name=\"twitter:label1\" content=\"Estimated reading time\" \/>\n\t<meta name=\"twitter:data1\" content=\"2 minutes\" \/>\n<script type=\"application\/ld+json\" class=\"yoast-schema-graph\">{\"@context\":\"https:\/\/schema.org\",\"@graph\":[{\"@type\":\"WebPage\",\"@id\":\"https:\/\/chic-sharm.ch\/datenschutz\/\",\"url\":\"https:\/\/chic-sharm.ch\/datenschutz\/\",\"name\":\"Datenschutz - Chic Sharm Beauty Care\",\"isPartOf\":{\"@id\":\"https:\/\/chic-sharm.ch\/#website\"},\"datePublished\":\"2024-09-10T11:04:48+00:00\",\"dateModified\":\"2024-09-10T12:45:38+00:00\",\"breadcrumb\":{\"@id\":\"https:\/\/chic-sharm.ch\/datenschutz\/#breadcrumb\"},\"inLanguage\":\"en-GB\",\"potentialAction\":[{\"@type\":\"ReadAction\",\"target\":[\"https:\/\/chic-sharm.ch\/datenschutz\/\"]}]},{\"@type\":\"BreadcrumbList\",\"@id\":\"https:\/\/chic-sharm.ch\/datenschutz\/#breadcrumb\",\"itemListElement\":[{\"@type\":\"ListItem\",\"position\":1,\"name\":\"Home\",\"item\":\"https:\/\/chic-sharm.ch\/\"},{\"@type\":\"ListItem\",\"position\":2,\"name\":\"Datenschutz\"}]},{\"@type\":\"WebSite\",\"@id\":\"https:\/\/chic-sharm.ch\/#website\",\"url\":\"https:\/\/chic-sharm.ch\/\",\"name\":\"Chic Sharm Beauty Care\",\"description\":\"\",\"potentialAction\":[{\"@type\":\"SearchAction\",\"target\":{\"@type\":\"EntryPoint\",\"urlTemplate\":\"https:\/\/chic-sharm.ch\/?s={search_term_string}\"},\"query-input\":{\"@type\":\"PropertyValueSpecification\",\"valueRequired\":true,\"valueName\":\"search_term_string\"}}],\"inLanguage\":\"en-GB\"}]}<\/script>\n<!-- \/ Yoast SEO plugin. -->","yoast_head_json":{"title":"Privacy Policy - Chic Sharm Beauty Care","robots":{"index":"noindex","follow":"nofollow"},"og_locale":"en_GB","og_type":"article","og_title":"Datenschutz - Chic Sharm Beauty Care","og_description":"Datenschutz Wir freuen uns sehr \u00fcber Ihr Interesse an Chic Sharm Beauty Care. Der Schutz Ihrer pers\u00f6nlichen Daten ist uns ein wichtiges Anliegen. In dieser Datenschutzerkl\u00e4rung informieren wir Sie \u00fcber die Erhebung, Nutzung und Speicherung Ihrer Daten gem\u00e4\u00df den geltenden Datenschutzbestimmungen. 1. Verantwortliche Stelle Chic Sharm Beauty CareFeldbach Bahnhofstrasse 38714 Hombrechtikon, SchweizTelefon: +41 76 471...","og_url":"https:\/\/chic-sharm.ch\/en\/datenschutz\/","og_site_name":"Chic Sharm Beauty Care","article_modified_time":"2024-09-10T12:45:38+00:00","twitter_card":"summary_large_image","twitter_misc":{"Estimated reading time":"2 minutes"},"schema":{"@context":"https:\/\/schema.org","@graph":[{"@type":"WebPage","@id":"https:\/\/chic-sharm.ch\/datenschutz\/","url":"https:\/\/chic-sharm.ch\/datenschutz\/","name":"Privacy Policy - Chic Sharm Beauty Care","isPartOf":{"@id":"https:\/\/chic-sharm.ch\/#website"},"datePublished":"2024-09-10T11:04:48+00:00","dateModified":"2024-09-10T12:45:38+00:00","breadcrumb":{"@id":"https:\/\/chic-sharm.ch\/datenschutz\/#breadcrumb"},"inLanguage":"en-GB","potentialAction":[{"@type":"ReadAction","target":["https:\/\/chic-sharm.ch\/datenschutz\/"]}]},{"@type":"BreadcrumbList","@id":"https:\/\/chic-sharm.ch\/datenschutz\/#breadcrumb","itemListElement":[{"@type":"ListItem","position":1,"name":"Home","item":"https:\/\/chic-sharm.ch\/"},{"@type":"ListItem","position":2,"name":"Datenschutz"}]},{"@type":"WebSite","@id":"https:\/\/chic-sharm.ch\/#website","url":"https:\/\/chic-sharm.ch\/","name":"Chic Sharm Beauty Care","description":"","potentialAction":[{"@type":"SearchAction","target":{"@type":"EntryPoint","urlTemplate":"https:\/\/chic-sharm.ch\/?s={search_term_string}"},"query-input":{"@type":"PropertyValueSpecification","valueRequired":true,"valueName":"search_term_string"}}],"inLanguage":"en-GB"}]}},"_links":{"self":[{"href":"https:\/\/chic-sharm.ch\/en\/wp-json\/wp\/v2\/pages\/5368","targetHints":{"allow":["GET"]}}],"collection":[{"href":"https:\/\/chic-sharm.ch\/en\/wp-json\/wp\/v2\/pages"}],"about":[{"href":"https:\/\/chic-sharm.ch\/en\/wp-json\/wp\/v2\/types\/page"}],"author":[{"embeddable":true,"href":"https:\/\/chic-sharm.ch\/en\/wp-json\/wp\/v2\/users\/1"}],"replies":[{"embeddable":true,"href":"https:\/\/chic-sharm.ch\/en\/wp-json\/wp\/v2\/comments?post=5368"}],"version-history":[{"count":22,"href":"https:\/\/chic-sharm.ch\/en\/wp-json\/wp\/v2\/pages\/5368\/revisions"}],"predecessor-version":[{"id":5453,"href":"https:\/\/chic-sharm.ch\/en\/wp-json\/wp\/v2\/pages\/5368\/revisions\/5453"}],"wp:attachment":[{"href":"https:\/\/chic-sharm.ch\/en\/wp-json\/wp\/v2\/media?parent=5368"}],"curies":[{"name":"wp","href":"https:\/\/api.w.org\/{rel}","templated":true}]}}