{"id":5356,"date":"2024-09-10T10:59:46","date_gmt":"2024-09-10T10:59:46","guid":{"rendered":"https:\/\/chic-sharm.ch\/?page_id=5356"},"modified":"2024-09-10T12:46:19","modified_gmt":"2024-09-10T12:46:19","slug":"impressum","status":"publish","type":"page","link":"https:\/\/chic-sharm.ch\/en\/impressum\/","title":{"rendered":"imprint"},"content":{"rendered":"\t\t<div data-elementor-type=\"wp-page\" data-elementor-id=\"5356\" class=\"elementor elementor-5356\">\n\t\t\t\t<div class=\"elementor-element elementor-element-b7d9e64 e-flex e-con-boxed e-con e-parent\" data-id=\"b7d9e64\" data-element_type=\"container\" data-e-type=\"container\">\n\t\t\t\t\t<div class=\"e-con-inner\">\n\t\t<div class=\"elementor-element elementor-element-477323d e-con-full e-flex e-con e-child\" data-id=\"477323d\" data-element_type=\"container\" data-e-type=\"container\" data-settings=\"{&quot;background_background&quot;:&quot;classic&quot;}\">\n\t\t\t\t<div class=\"elementor-element elementor-element-115439c elementor-widget elementor-widget-text-editor\" data-id=\"115439c\" data-element_type=\"widget\" data-e-type=\"widget\" data-widget_type=\"text-editor.default\">\n\t\t\t\t<div class=\"elementor-widget-container\">\n\t\t\t\t\t\t\t\t\t<p><strong>Impressum<\/strong><\/p><p><strong>Chic Sharm Beauty Care<\/strong><br \/>Feldbach Bahnhofstrasse 3<br \/>8714 Hombrechtikon, Schweiz<\/p><p><strong>Vertretungsberechtigte Person:<br \/><\/strong>Fatima Tlais<\/p><p><strong>Kontakt:<\/strong><br \/>Telefon: <a href=\"tel: +41764713327\">+41 76 471 33 27<\/a><br \/>E-Mail: <a href=\"mailto:info@chic-sharm.ch\">info@chic-sharm.ch<\/a><\/p><p><strong>Unternehmensform:<\/strong><br \/>Einzelunternehmen<\/p><p><strong>Umsatzsteuer-Identifikationsnummer (UID):<\/strong><br \/>[Nummer falls vorhanden]<\/p><p><strong>Haftungsausschluss:<\/strong><br \/>Trotz sorgf\u00e4ltiger inhaltlicher Kontrolle \u00fcbernehmen wir keine Haftung f\u00fcr die Inhalte externer Links. F\u00fcr den Inhalt der verlinkten Seiten sind ausschlie\u00dflich deren Betreiber verantwortlich.<\/p><p><strong>Urheberrecht:<\/strong><br \/>Die durch die Seitenbetreiber erstellten Inhalte und Werke auf diesen Seiten unterliegen dem Urheberrecht. Beitr\u00e4ge Dritter sind als solche gekennzeichnet. Die Vervielf\u00e4ltigung, Bearbeitung, Verbreitung und jede Art der Verwertung au\u00dferhalb der Grenzen des Urheberrechtes bed\u00fcrfen der schriftlichen Zustimmung des jeweiligen Autors bzw. Erstellers.<\/p>\t\t\t\t\t\t\t\t<\/div>\n\t\t\t\t<\/div>\n\t\t\t\t<\/div>\n\t\t\t\t\t<\/div>\n\t\t\t\t<\/div>\n\t\t\t\t<\/div>\n\t\t","protected":false},"excerpt":{"rendered":"<p>Impressum Chic Sharm Beauty CareFeldbach Bahnhofstrasse 38714 Hombrechtikon, Schweiz Vertretungsberechtigte Person:Fatima Tlais Kontakt:Telefon: +41 76 471 33 27E-Mail: info@chic-sharm.ch Unternehmensform:Einzelunternehmen Umsatzsteuer-Identifikationsnummer (UID):[Nummer falls vorhanden] Haftungsausschluss:Trotz sorgf\u00e4ltiger inhaltlicher Kontrolle \u00fcbernehmen wir keine Haftung f\u00fcr die Inhalte externer Links. F\u00fcr den Inhalt der verlinkten Seiten sind ausschlie\u00dflich deren Betreiber verantwortlich. Urheberrecht:Die durch die Seitenbetreiber erstellten Inhalte und&#8230;<\/p>\n","protected":false},"author":1,"featured_media":0,"parent":0,"menu_order":0,"comment_status":"closed","ping_status":"closed","template":"elementor_header_footer","meta":{"footnotes":""},"class_list":["post-5356","page","type-page","status-publish","hentry"],"yoast_head":"<!-- This site is optimized with the Yoast SEO plugin v25.1 - https:\/\/yoast.com\/wordpress\/plugins\/seo\/ -->\n<title>Impressum - Chic Sharm Beauty Care<\/title>\n<meta name=\"robots\" content=\"noindex, nofollow\" \/>\n<meta property=\"og:locale\" content=\"en_GB\" \/>\n<meta property=\"og:type\" content=\"article\" \/>\n<meta property=\"og:title\" content=\"Impressum - Chic Sharm Beauty Care\" \/>\n<meta property=\"og:description\" content=\"Impressum Chic Sharm Beauty CareFeldbach Bahnhofstrasse 38714 Hombrechtikon, Schweiz Vertretungsberechtigte Person:Fatima Tlais Kontakt:Telefon: +41 76 471 33 27E-Mail: info@chic-sharm.ch Unternehmensform:Einzelunternehmen Umsatzsteuer-Identifikationsnummer (UID):[Nummer falls vorhanden] Haftungsausschluss:Trotz sorgf\u00e4ltiger inhaltlicher Kontrolle \u00fcbernehmen wir keine Haftung f\u00fcr die Inhalte externer Links. F\u00fcr den Inhalt der verlinkten Seiten sind ausschlie\u00dflich deren Betreiber verantwortlich. Urheberrecht:Die durch die Seitenbetreiber erstellten Inhalte und...\" \/>\n<meta property=\"og:url\" content=\"https:\/\/chic-sharm.ch\/en\/impressum\/\" \/>\n<meta property=\"og:site_name\" content=\"Chic Sharm Beauty Care\" \/>\n<meta property=\"article:modified_time\" content=\"2024-09-10T12:46:19+00:00\" \/>\n<meta name=\"twitter:card\" content=\"summary_large_image\" \/>\n<meta name=\"twitter:label1\" content=\"Estimated reading time\" \/>\n\t<meta name=\"twitter:data1\" content=\"1 minute\" \/>\n<script type=\"application\/ld+json\" class=\"yoast-schema-graph\">{\"@context\":\"https:\/\/schema.org\",\"@graph\":[{\"@type\":\"WebPage\",\"@id\":\"https:\/\/chic-sharm.ch\/impressum\/\",\"url\":\"https:\/\/chic-sharm.ch\/impressum\/\",\"name\":\"Impressum - Chic Sharm Beauty Care\",\"isPartOf\":{\"@id\":\"https:\/\/chic-sharm.ch\/#website\"},\"datePublished\":\"2024-09-10T10:59:46+00:00\",\"dateModified\":\"2024-09-10T12:46:19+00:00\",\"breadcrumb\":{\"@id\":\"https:\/\/chic-sharm.ch\/impressum\/#breadcrumb\"},\"inLanguage\":\"en-GB\",\"potentialAction\":[{\"@type\":\"ReadAction\",\"target\":[\"https:\/\/chic-sharm.ch\/impressum\/\"]}]},{\"@type\":\"BreadcrumbList\",\"@id\":\"https:\/\/chic-sharm.ch\/impressum\/#breadcrumb\",\"itemListElement\":[{\"@type\":\"ListItem\",\"position\":1,\"name\":\"Home\",\"item\":\"https:\/\/chic-sharm.ch\/\"},{\"@type\":\"ListItem\",\"position\":2,\"name\":\"Impressum\"}]},{\"@type\":\"WebSite\",\"@id\":\"https:\/\/chic-sharm.ch\/#website\",\"url\":\"https:\/\/chic-sharm.ch\/\",\"name\":\"Chic Sharm Beauty Care\",\"description\":\"\",\"potentialAction\":[{\"@type\":\"SearchAction\",\"target\":{\"@type\":\"EntryPoint\",\"urlTemplate\":\"https:\/\/chic-sharm.ch\/?s={search_term_string}\"},\"query-input\":{\"@type\":\"PropertyValueSpecification\",\"valueRequired\":true,\"valueName\":\"search_term_string\"}}],\"inLanguage\":\"en-GB\"}]}<\/script>\n<!-- \/ Yoast SEO plugin. -->","yoast_head_json":{"title":"Imprint - Chic Sharm Beauty Care","robots":{"index":"noindex","follow":"nofollow"},"og_locale":"en_GB","og_type":"article","og_title":"Impressum - Chic Sharm Beauty Care","og_description":"Impressum Chic Sharm Beauty CareFeldbach Bahnhofstrasse 38714 Hombrechtikon, Schweiz Vertretungsberechtigte Person:Fatima Tlais Kontakt:Telefon: +41 76 471 33 27E-Mail: info@chic-sharm.ch Unternehmensform:Einzelunternehmen Umsatzsteuer-Identifikationsnummer (UID):[Nummer falls vorhanden] Haftungsausschluss:Trotz sorgf\u00e4ltiger inhaltlicher Kontrolle \u00fcbernehmen wir keine Haftung f\u00fcr die Inhalte externer Links. F\u00fcr den Inhalt der verlinkten Seiten sind ausschlie\u00dflich deren Betreiber verantwortlich. Urheberrecht:Die durch die Seitenbetreiber erstellten Inhalte und...","og_url":"https:\/\/chic-sharm.ch\/en\/impressum\/","og_site_name":"Chic Sharm Beauty Care","article_modified_time":"2024-09-10T12:46:19+00:00","twitter_card":"summary_large_image","twitter_misc":{"Estimated reading time":"1 minute"},"schema":{"@context":"https:\/\/schema.org","@graph":[{"@type":"WebPage","@id":"https:\/\/chic-sharm.ch\/impressum\/","url":"https:\/\/chic-sharm.ch\/impressum\/","name":"Imprint - Chic Sharm Beauty Care","isPartOf":{"@id":"https:\/\/chic-sharm.ch\/#website"},"datePublished":"2024-09-10T10:59:46+00:00","dateModified":"2024-09-10T12:46:19+00:00","breadcrumb":{"@id":"https:\/\/chic-sharm.ch\/impressum\/#breadcrumb"},"inLanguage":"en-GB","potentialAction":[{"@type":"ReadAction","target":["https:\/\/chic-sharm.ch\/impressum\/"]}]},{"@type":"BreadcrumbList","@id":"https:\/\/chic-sharm.ch\/impressum\/#breadcrumb","itemListElement":[{"@type":"ListItem","position":1,"name":"Home","item":"https:\/\/chic-sharm.ch\/"},{"@type":"ListItem","position":2,"name":"Impressum"}]},{"@type":"WebSite","@id":"https:\/\/chic-sharm.ch\/#website","url":"https:\/\/chic-sharm.ch\/","name":"Chic Sharm Beauty Care","description":"","potentialAction":[{"@type":"SearchAction","target":{"@type":"EntryPoint","urlTemplate":"https:\/\/chic-sharm.ch\/?s={search_term_string}"},"query-input":{"@type":"PropertyValueSpecification","valueRequired":true,"valueName":"search_term_string"}}],"inLanguage":"en-GB"}]}},"_links":{"self":[{"href":"https:\/\/chic-sharm.ch\/en\/wp-json\/wp\/v2\/pages\/5356","targetHints":{"allow":["GET"]}}],"collection":[{"href":"https:\/\/chic-sharm.ch\/en\/wp-json\/wp\/v2\/pages"}],"about":[{"href":"https:\/\/chic-sharm.ch\/en\/wp-json\/wp\/v2\/types\/page"}],"author":[{"embeddable":true,"href":"https:\/\/chic-sharm.ch\/en\/wp-json\/wp\/v2\/users\/1"}],"replies":[{"embeddable":true,"href":"https:\/\/chic-sharm.ch\/en\/wp-json\/wp\/v2\/comments?post=5356"}],"version-history":[{"count":16,"href":"https:\/\/chic-sharm.ch\/en\/wp-json\/wp\/v2\/pages\/5356\/revisions"}],"predecessor-version":[{"id":5450,"href":"https:\/\/chic-sharm.ch\/en\/wp-json\/wp\/v2\/pages\/5356\/revisions\/5450"}],"wp:attachment":[{"href":"https:\/\/chic-sharm.ch\/en\/wp-json\/wp\/v2\/media?parent=5356"}],"curies":[{"name":"wp","href":"https:\/\/api.w.org\/{rel}","templated":true}]}}